{"id":129,"date":"2019-08-13T20:14:24","date_gmt":"2019-08-13T20:14:24","guid":{"rendered":"http:\/\/canada.leadiant.com\/?page_id=129"},"modified":"2023-05-24T17:29:34","modified_gmt":"2023-05-24T17:29:34","slug":"politique-en-matiere-de-cookies","status":"publish","type":"page","link":"https:\/\/canada.leadiant.com\/fr\/politique-en-matiere-de-cookies\/","title":{"rendered":"Politique en mati\u00e8re de cookies"},"content":{"rendered":"[vc_row type=\u00a0\u00bbin_container\u00a0\u00bb full_screen_row_position=\u00a0\u00bbmiddle\u00a0\u00bb column_margin=\u00a0\u00bbdefault\u00a0\u00bb column_direction=\u00a0\u00bbdefault\u00a0\u00bb column_direction_tablet=\u00a0\u00bbdefault\u00a0\u00bb column_direction_phone=\u00a0\u00bbdefault\u00a0\u00bb scene_position=\u00a0\u00bbcenter\u00a0\u00bb text_color=\u00a0\u00bbdark\u00a0\u00bb text_align=\u00a0\u00bbleft\u00a0\u00bb row_border_radius=\u00a0\u00bbnone\u00a0\u00bb row_border_radius_applies=\u00a0\u00bbbg\u00a0\u00bb class=\u00a0\u00bbpad-content\u00a0\u00bb overlay_strength=\u00a0\u00bb0.3&Prime; gradient_direction=\u00a0\u00bbleft_to_right\u00a0\u00bb shape_divider_position=\u00a0\u00bbbottom\u00a0\u00bb bg_image_animation=\u00a0\u00bbnone\u00a0\u00bb shape_type=\u00a0\u00bb\u00a0\u00bb][vc_column column_padding=\u00a0\u00bbno-extra-padding\u00a0\u00bb column_padding_tablet=\u00a0\u00bbinherit\u00a0\u00bb column_padding_phone=\u00a0\u00bbinherit\u00a0\u00bb column_padding_position=\u00a0\u00bball\u00a0\u00bb background_color_opacity=\u00a0\u00bb1&Prime; background_hover_color_opacity=\u00a0\u00bb1&Prime; column_shadow=\u00a0\u00bbnone\u00a0\u00bb column_border_radius=\u00a0\u00bbnone\u00a0\u00bb column_link_target=\u00a0\u00bb_self\u00a0\u00bb gradient_direction=\u00a0\u00bbleft_to_right\u00a0\u00bb overlay_strength=\u00a0\u00bb0.3&Prime; width=\u00a0\u00bb1\/1&Prime; tablet_width_inherit=\u00a0\u00bbdefault\u00a0\u00bb tablet_text_alignment=\u00a0\u00bbdefault\u00a0\u00bb phone_text_alignment=\u00a0\u00bbdefault\u00a0\u00bb column_border_width=\u00a0\u00bbnone\u00a0\u00bb column_border_style=\u00a0\u00bbsolid\u00a0\u00bb bg_image_animation=\u00a0\u00bbnone\u00a0\u00bb][vc_column_text]Cliquez <a href=\"https:\/\/leadiant.com\/cookies-policy\/\" target=\"_blank\" rel=\"noopener\">ici<\/a> pour t\u00e9l\u00e9charger le texte complet sur la politique de cookies<\/p>\n<p>MISE \u00c0 JOUR en janvier 2019<\/p>\n<p>A. LES COOKIES ET LEUR UTILISATION<\/p>\n<p>Les cookies sont des \u00e9l\u00e9ments d\u2019information cr\u00e9\u00e9s lorsque vous visitez un site Web. Ils sont stock\u00e9s sur votre ordinateur et sont renvoy\u00e9s au site Web ou \u00e0 un autre site Web qui les reconna\u00eet. Un cookie contient habituellement le nom du site Web, sa provenance, sa dur\u00e9e de vie et une valeur, le plus souvent un num\u00e9ro unique g\u00e9n\u00e9r\u00e9 de fa\u00e7on al\u00e9atoire. Nos cookies ne contiennent aucun renseignement personnel identifiable et ne peuvent pas recueillir de renseignements \u00e0 partir de votre disque dur.<\/p>\n<p>Nous utilisons des programmes d\u2019analyse afin de recueillir des donn\u00e9es non personnelles sur les visiteurs de notre site, \u00e0 l\u2019aide de cookies et de codes int\u00e9gr\u00e9s dans le site. Il s\u2019agit d\u2019un proc\u00e9d\u00e9 qui nous permet d\u2019analyser les donn\u00e9es sur le trafic des pages Web et d\u2019am\u00e9liorer notre site Web afin de l\u2019adapter \u00e0 vos besoins. Nous n\u2019utilisons ces informations seulement qu\u2019\u00e0 des fins d\u2019analyse. Une ou plusieurs des circonstances suivantes peuvent se retrouver parmi les types d\u2019utilisation de vos informations. Nous utilisons entre autres des cookies pour les raisons suivantes\u00a0:<\/p>\n<p>(a) Authentification \u2014 Nous utilisons des cookies pour vous identifier lorsque vous visitez notre site Web et lorsque vous naviguez sur notre site Web\u2009;<\/p>\n<p>(b) Statut \u2014 Nous utilisons des cookies pour nous permettre de d\u00e9terminer si vous \u00eates connect\u00e9s \u00e0 notre site Web\u2009;<\/p>\n<p>(c) Personnalisation \u2014 Nous utilisons des cookies pour stocker des renseignements sur vos pr\u00e9f\u00e9rences afin de personnaliser notre site Web en fonction de vos besoins;<\/p>\n<p>(d) S\u00e9curit\u00e9 \u2014 Les cookies font partie des \u00e9l\u00e9ments de mesures de s\u00e9curit\u00e9 utilis\u00e9s pour prot\u00e9ger les comptes des utilisateurs et pr\u00e9venir notamment l\u2019utilisation inappropri\u00e9e de renseignements d\u2019identification et pour prot\u00e9ger notre site et nos services en g\u00e9n\u00e9ral;<\/p>\n<p>Bien que votre navigateur puisse \u00eatre configur\u00e9 pour permettre la cr\u00e9ation de cookies, vous pouvez sp\u00e9cifier que vous devez \u00eatre averti avant qu\u2019un site place un cookie sur votre disque dur, afin que vous puissiez d\u00e9cider d\u2019autoriser ou non son utilisation. Vous pouvez \u00e9galement configurer votre ordinateur pour qu\u2019il n\u2019accepte pas les cookies.<\/p>\n<p>B.<strong>\u00a0<\/strong>BLOQUER NOS COOKIES<\/p>\n<p>Nous n\u2019utilisons pas les cookies pour recueillir des renseignements personnels qui pourraient vous identifier, mais si vous souhaitez restreindre ou bloquer les cookies sur notre site ou sur tout autre site Web, vous pouvez le faire au moyen des param\u00e8tres de votre navigateur.<\/p>\n<p>Il est aussi possible de consulter le site aboutcookies.org, qui fournit des renseignements utiles sur la mani\u00e8re de proc\u00e9der sur la plupart des navigateurs. Vous y trouverez \u00e9galement des d\u00e9tails sur la suppression des cookies de votre ordinateur et des informations g\u00e9n\u00e9rales sur les cookies.<\/p>\n<p>Notez cependant que restreindre les cookies peut affecter ou r\u00e9duire la fonctionnalit\u00e9 de certains sites Web. Pour mener \u00e0 bien la proc\u00e9dure sur le navigateur de votre t\u00e9l\u00e9phone portable, consultez votre manuel d\u2019utilisateur.<\/p>\n<p>C. LES COOKIES IMPLANT\u00c9S PAR DES PARTIES TIERCES<\/p>\n<p>Les cookies de parties tierces sont des cookies qui ont \u00e9t\u00e9 implant\u00e9s par un site Web autre que le n\u00f4tre. Par exemple, nous pourrions int\u00e9grer un bouton activant la fonction \u00ab\u2009J\u2019aime\u2009\u00bb de Facebook sur notre site. Ce bouton g\u00e9n\u00e9rerait un cookie enregistr\u00e9 par Facebook, lequel serait consid\u00e9r\u00e9 comme un cookie tiers. Nous n\u2019avons aucun contr\u00f4le sur les cookies mis en place par ces services. Il est donc important que vous connaissiez leurs politiques en mati\u00e8re de cookies et que vous sachiez en quoi elles peuvent diff\u00e9rer des n\u00f4tres.<\/p>\n<p>D. NOS COORDONN\u00c9ES<\/p>\n<p>Si vous souhaitez nous joindre pour des informations relatives aux cookies, \u00e0 cette politique ou pour toute autre question, veuillez le faire en utilisant la m\u00e9thode de votre choix, aux coordonn\u00e9es ci-dessous\u00a0:<\/p>\n<p>Leadiant Biosciences, Inc.<br \/>\n530 Gaither Rd., Suite 300<br \/>\nRockville, MD 20850<\/p>\n<p><a href=\"mailto:info@leadiant.com\">info@leadiant.com<\/a>[\/vc_column_text][\/vc_column][\/vc_row]\n","protected":false},"excerpt":{"rendered":"<p>[vc_row type=\u00a0\u00bbin_container\u00a0\u00bb full_screen_row_position=\u00a0\u00bbmiddle\u00a0\u00bb column_margin=\u00a0\u00bbdefault\u00a0\u00bb column_direction=\u00a0\u00bbdefault\u00a0\u00bb column_direction_tablet=\u00a0\u00bbdefault\u00a0\u00bb column_direction_phone=\u00a0\u00bbdefault\u00a0\u00bb scene_position=\u00a0\u00bbcenter\u00a0\u00bb text_color=\u00a0\u00bbdark\u00a0\u00bb text_align=\u00a0\u00bbleft\u00a0\u00bb row_border_radius=\u00a0\u00bbnone\u00a0\u00bb row_border_radius_applies=\u00a0\u00bbbg\u00a0\u00bb class=\u00a0\u00bbpad-content\u00a0\u00bb overlay_strength=\u00a0\u00bb0.3&Prime; gradient_direction=\u00a0\u00bbleft_to_right\u00a0\u00bb shape_divider_position=\u00a0\u00bbbottom\u00a0\u00bb bg_image_animation=\u00a0\u00bbnone\u00a0\u00bb shape_type=\u00a0\u00bb\u00a0\u00bb][vc_column column_padding=\u00a0\u00bbno-extra-padding\u00a0\u00bb column_padding_tablet=\u00a0\u00bbinherit\u00a0\u00bb column_padding_phone=\u00a0\u00bbinherit\u00a0\u00bb column_padding_position=\u00a0\u00bball\u00a0\u00bb background_color_opacity=\u00a0\u00bb1&Prime; background_hover_color_opacity=\u00a0\u00bb1&Prime; column_shadow=\u00a0\u00bbnone\u00a0\u00bb column_border_radius=\u00a0\u00bbnone\u00a0\u00bb column_link_target=\u00a0\u00bb_self\u00a0\u00bb gradient_direction=\u00a0\u00bbleft_to_right\u00a0\u00bb overlay_strength=\u00a0\u00bb0.3&Prime; width=\u00a0\u00bb1\/1&Prime;&#8230;<\/p>\n","protected":false},"author":3,"featured_media":0,"parent":0,"menu_order":0,"comment_status":"closed","ping_status":"closed","template":"","meta":{"footnotes":""},"class_list":["post-129","page","type-page","status-publish"],"yoast_head":"<!-- This site is optimized with the Yoast SEO plugin v27.3 - https:\/\/yoast.com\/product\/yoast-seo-wordpress\/ -->\n<title>Politique en mati\u00e8re de cookies - Leadiant Biosciences<\/title>\n<meta name=\"robots\" content=\"index, follow, max-snippet:-1, max-image-preview:large, max-video-preview:-1\" \/>\n<link rel=\"canonical\" href=\"https:\/\/canada.leadiant.com\/fr\/politique-en-matiere-de-cookies\/\" \/>\n<meta property=\"og:locale\" content=\"fr_FR\" \/>\n<meta property=\"og:type\" content=\"article\" \/>\n<meta property=\"og:title\" content=\"Politique en mati\u00e8re de cookies - Leadiant Biosciences\" \/>\n<meta property=\"og:description\" content=\"[vc_row type=\u00a0\u00bbin_container\u00a0\u00bb full_screen_row_position=\u00a0\u00bbmiddle\u00a0\u00bb column_margin=\u00a0\u00bbdefault\u00a0\u00bb column_direction=\u00a0\u00bbdefault\u00a0\u00bb column_direction_tablet=\u00a0\u00bbdefault\u00a0\u00bb column_direction_phone=\u00a0\u00bbdefault\u00a0\u00bb scene_position=\u00a0\u00bbcenter\u00a0\u00bb text_color=\u00a0\u00bbdark\u00a0\u00bb text_align=\u00a0\u00bbleft\u00a0\u00bb row_border_radius=\u00a0\u00bbnone\u00a0\u00bb row_border_radius_applies=\u00a0\u00bbbg\u00a0\u00bb class=\u00a0\u00bbpad-content\u00a0\u00bb overlay_strength=\u00a0\u00bb0.3&Prime; gradient_direction=\u00a0\u00bbleft_to_right\u00a0\u00bb shape_divider_position=\u00a0\u00bbbottom\u00a0\u00bb bg_image_animation=\u00a0\u00bbnone\u00a0\u00bb shape_type=\u00a0\u00bb\u00a0\u00bb][vc_column column_padding=\u00a0\u00bbno-extra-padding\u00a0\u00bb column_padding_tablet=\u00a0\u00bbinherit\u00a0\u00bb column_padding_phone=\u00a0\u00bbinherit\u00a0\u00bb column_padding_position=\u00a0\u00bball\u00a0\u00bb background_color_opacity=\u00a0\u00bb1&Prime; background_hover_color_opacity=\u00a0\u00bb1&Prime; column_shadow=\u00a0\u00bbnone\u00a0\u00bb column_border_radius=\u00a0\u00bbnone\u00a0\u00bb column_link_target=\u00a0\u00bb_self\u00a0\u00bb gradient_direction=\u00a0\u00bbleft_to_right\u00a0\u00bb overlay_strength=\u00a0\u00bb0.3&Prime; width=\u00a0\u00bb1\/1&Prime;...\" \/>\n<meta property=\"og:url\" content=\"https:\/\/canada.leadiant.com\/fr\/politique-en-matiere-de-cookies\/\" \/>\n<meta property=\"og:site_name\" content=\"Leadiant Biosciences\" \/>\n<meta property=\"article:modified_time\" content=\"2023-05-24T17:29:34+00:00\" \/>\n<meta name=\"twitter:card\" content=\"summary_large_image\" \/>\n<meta name=\"twitter:label1\" content=\"Dur\u00e9e de lecture estim\u00e9e\" \/>\n\t<meta name=\"twitter:data1\" content=\"3 minutes\" \/>\n<script type=\"application\/ld+json\" class=\"yoast-schema-graph\">{\"@context\":\"https:\\\/\\\/schema.org\",\"@graph\":[{\"@type\":\"WebPage\",\"@id\":\"https:\\\/\\\/canada.leadiant.com\\\/fr\\\/politique-en-matiere-de-cookies\\\/\",\"url\":\"https:\\\/\\\/canada.leadiant.com\\\/fr\\\/politique-en-matiere-de-cookies\\\/\",\"name\":\"Politique en mati\u00e8re de cookies - Leadiant Biosciences\",\"isPartOf\":{\"@id\":\"https:\\\/\\\/canada.leadiant.com\\\/fr\\\/#website\"},\"datePublished\":\"2019-08-13T20:14:24+00:00\",\"dateModified\":\"2023-05-24T17:29:34+00:00\",\"breadcrumb\":{\"@id\":\"https:\\\/\\\/canada.leadiant.com\\\/fr\\\/politique-en-matiere-de-cookies\\\/#breadcrumb\"},\"inLanguage\":\"fr-FR\",\"potentialAction\":[{\"@type\":\"ReadAction\",\"target\":[\"https:\\\/\\\/canada.leadiant.com\\\/fr\\\/politique-en-matiere-de-cookies\\\/\"]}]},{\"@type\":\"BreadcrumbList\",\"@id\":\"https:\\\/\\\/canada.leadiant.com\\\/fr\\\/politique-en-matiere-de-cookies\\\/#breadcrumb\",\"itemListElement\":[{\"@type\":\"ListItem\",\"position\":1,\"name\":\"Home\",\"item\":\"https:\\\/\\\/canada.leadiant.com\\\/fr\\\/\"},{\"@type\":\"ListItem\",\"position\":2,\"name\":\"Politique en mati\u00e8re de cookies\"}]},{\"@type\":\"WebSite\",\"@id\":\"https:\\\/\\\/canada.leadiant.com\\\/fr\\\/#website\",\"url\":\"https:\\\/\\\/canada.leadiant.com\\\/fr\\\/\",\"name\":\"Leadiant Biosciences\",\"description\":\"Canada\",\"potentialAction\":[{\"@type\":\"SearchAction\",\"target\":{\"@type\":\"EntryPoint\",\"urlTemplate\":\"https:\\\/\\\/canada.leadiant.com\\\/fr\\\/?s={search_term_string}\"},\"query-input\":{\"@type\":\"PropertyValueSpecification\",\"valueRequired\":true,\"valueName\":\"search_term_string\"}}],\"inLanguage\":\"fr-FR\"}]}<\/script>\n<!-- \/ Yoast SEO plugin. -->","yoast_head_json":{"title":"Politique en mati\u00e8re de cookies - Leadiant Biosciences","robots":{"index":"index","follow":"follow","max-snippet":"max-snippet:-1","max-image-preview":"max-image-preview:large","max-video-preview":"max-video-preview:-1"},"canonical":"https:\/\/canada.leadiant.com\/fr\/politique-en-matiere-de-cookies\/","og_locale":"fr_FR","og_type":"article","og_title":"Politique en mati\u00e8re de cookies - Leadiant Biosciences","og_description":"[vc_row type=\u00a0\u00bbin_container\u00a0\u00bb full_screen_row_position=\u00a0\u00bbmiddle\u00a0\u00bb column_margin=\u00a0\u00bbdefault\u00a0\u00bb column_direction=\u00a0\u00bbdefault\u00a0\u00bb column_direction_tablet=\u00a0\u00bbdefault\u00a0\u00bb column_direction_phone=\u00a0\u00bbdefault\u00a0\u00bb scene_position=\u00a0\u00bbcenter\u00a0\u00bb text_color=\u00a0\u00bbdark\u00a0\u00bb text_align=\u00a0\u00bbleft\u00a0\u00bb row_border_radius=\u00a0\u00bbnone\u00a0\u00bb row_border_radius_applies=\u00a0\u00bbbg\u00a0\u00bb class=\u00a0\u00bbpad-content\u00a0\u00bb overlay_strength=\u00a0\u00bb0.3&Prime; gradient_direction=\u00a0\u00bbleft_to_right\u00a0\u00bb shape_divider_position=\u00a0\u00bbbottom\u00a0\u00bb bg_image_animation=\u00a0\u00bbnone\u00a0\u00bb shape_type=\u00a0\u00bb\u00a0\u00bb][vc_column column_padding=\u00a0\u00bbno-extra-padding\u00a0\u00bb column_padding_tablet=\u00a0\u00bbinherit\u00a0\u00bb column_padding_phone=\u00a0\u00bbinherit\u00a0\u00bb column_padding_position=\u00a0\u00bball\u00a0\u00bb background_color_opacity=\u00a0\u00bb1&Prime; background_hover_color_opacity=\u00a0\u00bb1&Prime; column_shadow=\u00a0\u00bbnone\u00a0\u00bb column_border_radius=\u00a0\u00bbnone\u00a0\u00bb column_link_target=\u00a0\u00bb_self\u00a0\u00bb gradient_direction=\u00a0\u00bbleft_to_right\u00a0\u00bb overlay_strength=\u00a0\u00bb0.3&Prime; width=\u00a0\u00bb1\/1&Prime;...","og_url":"https:\/\/canada.leadiant.com\/fr\/politique-en-matiere-de-cookies\/","og_site_name":"Leadiant Biosciences","article_modified_time":"2023-05-24T17:29:34+00:00","twitter_card":"summary_large_image","twitter_misc":{"Dur\u00e9e de lecture estim\u00e9e":"3 minutes"},"schema":{"@context":"https:\/\/schema.org","@graph":[{"@type":"WebPage","@id":"https:\/\/canada.leadiant.com\/fr\/politique-en-matiere-de-cookies\/","url":"https:\/\/canada.leadiant.com\/fr\/politique-en-matiere-de-cookies\/","name":"Politique en mati\u00e8re de cookies - Leadiant Biosciences","isPartOf":{"@id":"https:\/\/canada.leadiant.com\/fr\/#website"},"datePublished":"2019-08-13T20:14:24+00:00","dateModified":"2023-05-24T17:29:34+00:00","breadcrumb":{"@id":"https:\/\/canada.leadiant.com\/fr\/politique-en-matiere-de-cookies\/#breadcrumb"},"inLanguage":"fr-FR","potentialAction":[{"@type":"ReadAction","target":["https:\/\/canada.leadiant.com\/fr\/politique-en-matiere-de-cookies\/"]}]},{"@type":"BreadcrumbList","@id":"https:\/\/canada.leadiant.com\/fr\/politique-en-matiere-de-cookies\/#breadcrumb","itemListElement":[{"@type":"ListItem","position":1,"name":"Home","item":"https:\/\/canada.leadiant.com\/fr\/"},{"@type":"ListItem","position":2,"name":"Politique en mati\u00e8re de cookies"}]},{"@type":"WebSite","@id":"https:\/\/canada.leadiant.com\/fr\/#website","url":"https:\/\/canada.leadiant.com\/fr\/","name":"Leadiant Biosciences","description":"Canada","potentialAction":[{"@type":"SearchAction","target":{"@type":"EntryPoint","urlTemplate":"https:\/\/canada.leadiant.com\/fr\/?s={search_term_string}"},"query-input":{"@type":"PropertyValueSpecification","valueRequired":true,"valueName":"search_term_string"}}],"inLanguage":"fr-FR"}]}},"_links":{"self":[{"href":"https:\/\/canada.leadiant.com\/fr\/wp-json\/wp\/v2\/pages\/129","targetHints":{"allow":["GET"]}}],"collection":[{"href":"https:\/\/canada.leadiant.com\/fr\/wp-json\/wp\/v2\/pages"}],"about":[{"href":"https:\/\/canada.leadiant.com\/fr\/wp-json\/wp\/v2\/types\/page"}],"author":[{"embeddable":true,"href":"https:\/\/canada.leadiant.com\/fr\/wp-json\/wp\/v2\/users\/3"}],"replies":[{"embeddable":true,"href":"https:\/\/canada.leadiant.com\/fr\/wp-json\/wp\/v2\/comments?post=129"}],"version-history":[{"count":0,"href":"https:\/\/canada.leadiant.com\/fr\/wp-json\/wp\/v2\/pages\/129\/revisions"}],"wp:attachment":[{"href":"https:\/\/canada.leadiant.com\/fr\/wp-json\/wp\/v2\/media?parent=129"}],"curies":[{"name":"wp","href":"https:\/\/api.w.org\/{rel}","templated":true}]}}