{"id":123,"date":"2019-08-13T19:59:59","date_gmt":"2019-08-13T19:59:59","guid":{"rendered":"http:\/\/canada.leadiant.com\/?page_id=123"},"modified":"2022-12-12T21:25:57","modified_gmt":"2022-12-12T21:25:57","slug":"patients-et-personnel-soignant","status":"publish","type":"page","link":"https:\/\/canada.leadiant.com\/fr\/patients-et-personnel-soignant\/","title":{"rendered":"Patients et personnel soignant"},"content":{"rendered":"[vc_row type=\u00a0\u00bbin_container\u00a0\u00bb full_screen_row_position=\u00a0\u00bbmiddle\u00a0\u00bb column_margin=\u00a0\u00bbdefault\u00a0\u00bb column_direction=\u00a0\u00bbdefault\u00a0\u00bb column_direction_tablet=\u00a0\u00bbdefault\u00a0\u00bb column_direction_phone=\u00a0\u00bbdefault\u00a0\u00bb scene_position=\u00a0\u00bbcenter\u00a0\u00bb text_color=\u00a0\u00bbdark\u00a0\u00bb text_align=\u00a0\u00bbleft\u00a0\u00bb row_border_radius=\u00a0\u00bbnone\u00a0\u00bb row_border_radius_applies=\u00a0\u00bbbg\u00a0\u00bb class=\u00a0\u00bbpad-content\u00a0\u00bb overlay_strength=\u00a0\u00bb0.3&Prime; gradient_direction=\u00a0\u00bbleft_to_right\u00a0\u00bb shape_divider_position=\u00a0\u00bbbottom\u00a0\u00bb bg_image_animation=\u00a0\u00bbnone\u00a0\u00bb shape_type=\u00a0\u00bb\u00a0\u00bb][vc_column column_padding=\u00a0\u00bbno-extra-padding\u00a0\u00bb column_padding_tablet=\u00a0\u00bbinherit\u00a0\u00bb column_padding_phone=\u00a0\u00bbinherit\u00a0\u00bb column_padding_position=\u00a0\u00bball\u00a0\u00bb background_color_opacity=\u00a0\u00bb1&Prime; background_hover_color_opacity=\u00a0\u00bb1&Prime; column_shadow=\u00a0\u00bbnone\u00a0\u00bb column_border_radius=\u00a0\u00bbnone\u00a0\u00bb column_link_target=\u00a0\u00bb_self\u00a0\u00bb gradient_direction=\u00a0\u00bbleft_to_right\u00a0\u00bb overlay_strength=\u00a0\u00bb0.3&Prime; width=\u00a0\u00bb1\/1&Prime; tablet_width_inherit=\u00a0\u00bbdefault\u00a0\u00bb tablet_text_alignment=\u00a0\u00bbdefault\u00a0\u00bb phone_text_alignment=\u00a0\u00bbdefault\u00a0\u00bb column_border_width=\u00a0\u00bbnone\u00a0\u00bb column_border_style=\u00a0\u00bbsolid\u00a0\u00bb bg_image_animation=\u00a0\u00bbnone\u00a0\u00bb][vc_column_text]\n<h2>Bienvenue.<\/h2>\n<p>Nous sommes rares. Chez Leadiant Biosciences, Inc., nous savons \u00e0 quel point les personnes vivant avec des maladies rares ont des besoins qui vont bien au-del\u00e0 de la m\u00e9decine. C\u2019est pourquoi nous nous engageons \u00e0 travailler avec un d\u00e9vouement rare pour fournir les ressources et le mat\u00e9riel \u00e9ducatif afin de soutenir les patients et leurs familles tout au long de leur parcours.<\/p>\n<p>Nous avons \u00e0 c\u0153ur de faire en sorte que l\u2019opinion, l\u2019exp\u00e9rience et les r\u00e9flexions des patients ne soient pas seulement entendues au sein de Leadiant Biosciences, mais qu\u2019elles soient \u00e9galement int\u00e9gr\u00e9es \u00e0 nos programmes de d\u00e9veloppement et d\u2019acc\u00e8s aux m\u00e9dicaments. Notre \u00e9quipe est unie et fait preuve d\u2019un d\u00e9vouement rare; nous sommes porteurs d\u2019une culture unique o\u00f9 chaque employ\u00e9 s\u2019implique et o\u00f9 chaque patient compte.<\/p>\n<p>L\u2019\u00e9quipe de d\u00e9fense des int\u00e9r\u00eats des patients agit \u00e9galement comme porte-parole de l\u2019entreprise aupr\u00e8s de la communaut\u00e9 des patients. En collaboration avec les groupes de d\u00e9fense des droits des patients, les m\u00e9decins, les chercheurs et les autres grands partenaires, nous travaillons \u00e0 l\u2019atteinte d\u2019objectifs communs. En accordant la priorit\u00e9 aux patients, nous arrivons \u00e0 surmonter les difficult\u00e9s pour d\u00e9couvrir, mettre au point et proposer des traitements s\u00fbrs, efficaces et de grande valeur clinique.<\/p>\n<p>La coop\u00e9ration avec les groupes de d\u00e9fense des patients nous permet de :<\/p>\n<ul>\n<li>Mieux faire conna\u00eetre et comprendre les maladies rares et ultra-rares.<\/li>\n<li>Fournir les ressources et le mat\u00e9riel \u00e9ducatif r\u00e9pondant aux besoins des patients et de leurs familles.<\/li>\n<\/ul>\n<p>Cordialement,<\/p>\n<h3>L\u2019\u00e9quipe Leadiant Biosciences<\/h3>\n[\/vc_column_text][\/vc_column][\/vc_row]\n","protected":false},"excerpt":{"rendered":"<p>[vc_row type=\u00a0\u00bbin_container\u00a0\u00bb full_screen_row_position=\u00a0\u00bbmiddle\u00a0\u00bb column_margin=\u00a0\u00bbdefault\u00a0\u00bb column_direction=\u00a0\u00bbdefault\u00a0\u00bb column_direction_tablet=\u00a0\u00bbdefault\u00a0\u00bb column_direction_phone=\u00a0\u00bbdefault\u00a0\u00bb scene_position=\u00a0\u00bbcenter\u00a0\u00bb text_color=\u00a0\u00bbdark\u00a0\u00bb text_align=\u00a0\u00bbleft\u00a0\u00bb row_border_radius=\u00a0\u00bbnone\u00a0\u00bb row_border_radius_applies=\u00a0\u00bbbg\u00a0\u00bb class=\u00a0\u00bbpad-content\u00a0\u00bb overlay_strength=\u00a0\u00bb0.3&Prime; gradient_direction=\u00a0\u00bbleft_to_right\u00a0\u00bb shape_divider_position=\u00a0\u00bbbottom\u00a0\u00bb bg_image_animation=\u00a0\u00bbnone\u00a0\u00bb shape_type=\u00a0\u00bb\u00a0\u00bb][vc_column column_padding=\u00a0\u00bbno-extra-padding\u00a0\u00bb column_padding_tablet=\u00a0\u00bbinherit\u00a0\u00bb column_padding_phone=\u00a0\u00bbinherit\u00a0\u00bb column_padding_position=\u00a0\u00bball\u00a0\u00bb background_color_opacity=\u00a0\u00bb1&Prime; background_hover_color_opacity=\u00a0\u00bb1&Prime; column_shadow=\u00a0\u00bbnone\u00a0\u00bb column_border_radius=\u00a0\u00bbnone\u00a0\u00bb column_link_target=\u00a0\u00bb_self\u00a0\u00bb gradient_direction=\u00a0\u00bbleft_to_right\u00a0\u00bb overlay_strength=\u00a0\u00bb0.3&Prime; width=\u00a0\u00bb1\/1&Prime;&#8230;<\/p>\n","protected":false},"author":3,"featured_media":0,"parent":0,"menu_order":0,"comment_status":"closed","ping_status":"closed","template":"","meta":{"footnotes":""},"class_list":["post-123","page","type-page","status-publish"],"yoast_head":"<!-- This site is optimized with the Yoast SEO plugin v27.3 - https:\/\/yoast.com\/product\/yoast-seo-wordpress\/ -->\n<title>Patients et personnel soignant | Leadiant Biosciences, Inc.<\/title>\n<meta name=\"description\" content=\"Chez Leadiant, nous nous effor\u00e7ons que les exp\u00e9riences et les id\u00e9es des patients soient entendues et int\u00e9gr\u00e9es \u00e0 nos programmes.\" \/>\n<meta name=\"robots\" content=\"index, follow, max-snippet:-1, max-image-preview:large, max-video-preview:-1\" \/>\n<link rel=\"canonical\" href=\"https:\/\/canada.leadiant.com\/fr\/patients-et-personnel-soignant\/\" \/>\n<meta property=\"og:locale\" content=\"fr_FR\" \/>\n<meta property=\"og:type\" content=\"article\" \/>\n<meta property=\"og:title\" content=\"Patients et personnel soignant | Leadiant Biosciences, Inc.\" \/>\n<meta property=\"og:description\" content=\"Chez Leadiant, nous nous effor\u00e7ons que les exp\u00e9riences et les id\u00e9es des patients soient entendues et int\u00e9gr\u00e9es \u00e0 nos programmes.\" \/>\n<meta property=\"og:url\" content=\"https:\/\/canada.leadiant.com\/fr\/patients-et-personnel-soignant\/\" \/>\n<meta property=\"og:site_name\" content=\"Leadiant Biosciences\" \/>\n<meta property=\"article:modified_time\" content=\"2022-12-12T21:25:57+00:00\" \/>\n<meta name=\"twitter:card\" content=\"summary_large_image\" \/>\n<meta name=\"twitter:label1\" content=\"Dur\u00e9e de lecture estim\u00e9e\" \/>\n\t<meta name=\"twitter:data1\" content=\"2 minutes\" \/>\n<script type=\"application\/ld+json\" class=\"yoast-schema-graph\">{\"@context\":\"https:\\\/\\\/schema.org\",\"@graph\":[{\"@type\":\"WebPage\",\"@id\":\"https:\\\/\\\/canada.leadiant.com\\\/fr\\\/patients-et-personnel-soignant\\\/\",\"url\":\"https:\\\/\\\/canada.leadiant.com\\\/fr\\\/patients-et-personnel-soignant\\\/\",\"name\":\"Patients et personnel soignant | Leadiant Biosciences, Inc.\",\"isPartOf\":{\"@id\":\"https:\\\/\\\/canada.leadiant.com\\\/fr\\\/#website\"},\"datePublished\":\"2019-08-13T19:59:59+00:00\",\"dateModified\":\"2022-12-12T21:25:57+00:00\",\"description\":\"Chez Leadiant, nous nous effor\u00e7ons que les exp\u00e9riences et les id\u00e9es des patients soient entendues et int\u00e9gr\u00e9es \u00e0 nos programmes.\",\"breadcrumb\":{\"@id\":\"https:\\\/\\\/canada.leadiant.com\\\/fr\\\/patients-et-personnel-soignant\\\/#breadcrumb\"},\"inLanguage\":\"fr-FR\",\"potentialAction\":[{\"@type\":\"ReadAction\",\"target\":[\"https:\\\/\\\/canada.leadiant.com\\\/fr\\\/patients-et-personnel-soignant\\\/\"]}]},{\"@type\":\"BreadcrumbList\",\"@id\":\"https:\\\/\\\/canada.leadiant.com\\\/fr\\\/patients-et-personnel-soignant\\\/#breadcrumb\",\"itemListElement\":[{\"@type\":\"ListItem\",\"position\":1,\"name\":\"Home\",\"item\":\"https:\\\/\\\/canada.leadiant.com\\\/fr\\\/\"},{\"@type\":\"ListItem\",\"position\":2,\"name\":\"Patients et personnel soignant\"}]},{\"@type\":\"WebSite\",\"@id\":\"https:\\\/\\\/canada.leadiant.com\\\/fr\\\/#website\",\"url\":\"https:\\\/\\\/canada.leadiant.com\\\/fr\\\/\",\"name\":\"Leadiant Biosciences\",\"description\":\"Canada\",\"potentialAction\":[{\"@type\":\"SearchAction\",\"target\":{\"@type\":\"EntryPoint\",\"urlTemplate\":\"https:\\\/\\\/canada.leadiant.com\\\/fr\\\/?s={search_term_string}\"},\"query-input\":{\"@type\":\"PropertyValueSpecification\",\"valueRequired\":true,\"valueName\":\"search_term_string\"}}],\"inLanguage\":\"fr-FR\"}]}<\/script>\n<!-- \/ Yoast SEO plugin. -->","yoast_head_json":{"title":"Patients et personnel soignant | Leadiant Biosciences, Inc.","description":"Chez Leadiant, nous nous effor\u00e7ons que les exp\u00e9riences et les id\u00e9es des patients soient entendues et int\u00e9gr\u00e9es \u00e0 nos programmes.","robots":{"index":"index","follow":"follow","max-snippet":"max-snippet:-1","max-image-preview":"max-image-preview:large","max-video-preview":"max-video-preview:-1"},"canonical":"https:\/\/canada.leadiant.com\/fr\/patients-et-personnel-soignant\/","og_locale":"fr_FR","og_type":"article","og_title":"Patients et personnel soignant | Leadiant Biosciences, Inc.","og_description":"Chez Leadiant, nous nous effor\u00e7ons que les exp\u00e9riences et les id\u00e9es des patients soient entendues et int\u00e9gr\u00e9es \u00e0 nos programmes.","og_url":"https:\/\/canada.leadiant.com\/fr\/patients-et-personnel-soignant\/","og_site_name":"Leadiant Biosciences","article_modified_time":"2022-12-12T21:25:57+00:00","twitter_card":"summary_large_image","twitter_misc":{"Dur\u00e9e de lecture estim\u00e9e":"2 minutes"},"schema":{"@context":"https:\/\/schema.org","@graph":[{"@type":"WebPage","@id":"https:\/\/canada.leadiant.com\/fr\/patients-et-personnel-soignant\/","url":"https:\/\/canada.leadiant.com\/fr\/patients-et-personnel-soignant\/","name":"Patients et personnel soignant | Leadiant Biosciences, Inc.","isPartOf":{"@id":"https:\/\/canada.leadiant.com\/fr\/#website"},"datePublished":"2019-08-13T19:59:59+00:00","dateModified":"2022-12-12T21:25:57+00:00","description":"Chez Leadiant, nous nous effor\u00e7ons que les exp\u00e9riences et les id\u00e9es des patients soient entendues et int\u00e9gr\u00e9es \u00e0 nos programmes.","breadcrumb":{"@id":"https:\/\/canada.leadiant.com\/fr\/patients-et-personnel-soignant\/#breadcrumb"},"inLanguage":"fr-FR","potentialAction":[{"@type":"ReadAction","target":["https:\/\/canada.leadiant.com\/fr\/patients-et-personnel-soignant\/"]}]},{"@type":"BreadcrumbList","@id":"https:\/\/canada.leadiant.com\/fr\/patients-et-personnel-soignant\/#breadcrumb","itemListElement":[{"@type":"ListItem","position":1,"name":"Home","item":"https:\/\/canada.leadiant.com\/fr\/"},{"@type":"ListItem","position":2,"name":"Patients et personnel soignant"}]},{"@type":"WebSite","@id":"https:\/\/canada.leadiant.com\/fr\/#website","url":"https:\/\/canada.leadiant.com\/fr\/","name":"Leadiant Biosciences","description":"Canada","potentialAction":[{"@type":"SearchAction","target":{"@type":"EntryPoint","urlTemplate":"https:\/\/canada.leadiant.com\/fr\/?s={search_term_string}"},"query-input":{"@type":"PropertyValueSpecification","valueRequired":true,"valueName":"search_term_string"}}],"inLanguage":"fr-FR"}]}},"_links":{"self":[{"href":"https:\/\/canada.leadiant.com\/fr\/wp-json\/wp\/v2\/pages\/123","targetHints":{"allow":["GET"]}}],"collection":[{"href":"https:\/\/canada.leadiant.com\/fr\/wp-json\/wp\/v2\/pages"}],"about":[{"href":"https:\/\/canada.leadiant.com\/fr\/wp-json\/wp\/v2\/types\/page"}],"author":[{"embeddable":true,"href":"https:\/\/canada.leadiant.com\/fr\/wp-json\/wp\/v2\/users\/3"}],"replies":[{"embeddable":true,"href":"https:\/\/canada.leadiant.com\/fr\/wp-json\/wp\/v2\/comments?post=123"}],"version-history":[{"count":0,"href":"https:\/\/canada.leadiant.com\/fr\/wp-json\/wp\/v2\/pages\/123\/revisions"}],"wp:attachment":[{"href":"https:\/\/canada.leadiant.com\/fr\/wp-json\/wp\/v2\/media?parent=123"}],"curies":[{"name":"wp","href":"https:\/\/api.w.org\/{rel}","templated":true}]}}